{"id":1133,"date":"2025-06-04T13:00:03","date_gmt":"2025-06-04T11:00:03","guid":{"rendered":"http:\/\/capitans.atomic4dev.net\/lhotel\/"},"modified":"2025-06-12T13:31:03","modified_gmt":"2025-06-12T11:31:03","slug":"hotel","status":"publish","type":"page","link":"https:\/\/llardecapitans.com\/ca\/hotel\/","title":{"rendered":"L&#8217;hotel"},"content":{"rendered":"[vc_row type=\"full_width_background\" full_screen_row_position=\"middle\" column_margin=\"default\" column_direction=\"default\" column_direction_tablet=\"default\" column_direction_phone=\"default\" scene_position=\"center\" text_color=\"dark\" text_align=\"left\" row_border_radius=\"none\" row_border_radius_applies=\"bg\" overflow=\"visible\" overlay_strength=\"0.3&#8243; gradient_direction=\"left_to_right\" shape_divider_position=\"bottom\" bg_image_animation=\"none\" gradient_type=\"default\" shape_type=\"\"][vc_column column_padding=\"no-extra-padding\" column_padding_tablet=\"inherit\" column_padding_phone=\"inherit\" column_padding_position=\"all\" column_element_direction_desktop=\"default\" column_element_spacing=\"default\" desktop_text_alignment=\"default\" tablet_text_alignment=\"default\" phone_text_alignment=\"default\" background_color_opacity=\"1&#8243; background_hover_color_opacity=\"1&#8243; column_backdrop_filter=\"none\" column_shadow=\"none\" column_border_radius=\"none\" column_link_target=\"_self\" column_position=\"default\" gradient_direction=\"left_to_right\" overlay_strength=\"0.3&#8243; width=\"1\/1&#8243; tablet_width_inherit=\"default\" animation_type=\"default\" bg_image_animation=\"none\" border_type=\"simple\" column_border_width=\"none\" column_border_style=\"solid\"][vc_custom_heading text=\"L&#039;hotel\" font_container=\"tag:h1|text_align:center\" use_theme_fonts=\"yes\" css=\"\"][\/vc_column][\/vc_row][vc_row type=\"full_width_background\" full_screen_row_position=\"middle\" column_margin=\"default\" equal_height=\"yes\" content_placement=\"middle\" column_direction=\"default\" column_direction_tablet=\"default\" column_direction_phone=\"default\" scene_position=\"center\" top_padding=\"4%\" bottom_padding=\"2%\" text_color=\"dark\" text_align=\"left\" row_border_radius=\"none\" row_border_radius_applies=\"bg\" overflow=\"visible\" overlay_strength=\"0.3&#8243; gradient_direction=\"left_to_right\" shape_divider_position=\"bottom\" bg_image_animation=\"none\" gradient_type=\"default\" shape_type=\"\"][vc_column column_padding=\"padding-2-percent\" column_padding_tablet=\"inherit\" column_padding_phone=\"inherit\" column_padding_position=\"right\" column_element_direction_desktop=\"default\" column_element_spacing=\"default\" desktop_text_alignment=\"default\" tablet_text_alignment=\"default\" phone_text_alignment=\"default\" background_color_opacity=\"1&#8243; background_hover_color_opacity=\"1&#8243; column_backdrop_filter=\"none\" column_shadow=\"none\" column_border_radius=\"none\" column_link_target=\"_self\" column_position=\"default\" gradient_direction=\"left_to_right\" overlay_strength=\"0.3&#8243; width=\"1\/2&#8243; tablet_width_inherit=\"default\" animation_type=\"default\" bg_image_animation=\"none\" border_type=\"simple\" column_border_width=\"none\" column_border_style=\"solid\" column_padding_type=\"default\" gradient_type=\"default\"][vc_column_text css=\"\" text_direction=\"default\"]<strong>Llar de Capitans<\/strong> \u00e9s molt m\u00e9s que un hotel boutique: \u00e9s un lloc amb \u00e0nima, on la tradici\u00f3 mar\u00edtima del Masnou es troba amb l&#8217;hospitalitat moderna, a 30 metres de la platja ia 25 minuts del centre de Barcelona.[\/vc_column_text][vc_column_text css=\"\" text_direction=\"default\"]L&#8217;edifici que avui acull el nostre hotel va ser constru\u00eft el 1865 i representa un clar exemple de l&#8217;estil modernista catal\u00e0. Als seus inicis, va ser la llar de dos destacats capitans de la Marina Mercant local, Pere Pag\u00e8s i Colomer i Jaume Estap\u00e9 Pag\u00e8s, els qui comandaven embarcacions com el Ciro, l&#8217;Ocata o el Nova Paula. El seu llegat mariner no nom\u00e9s d\u00f3na nom al nostre hotel, sin\u00f3 que impregna cada rac\u00f3 de l&#8217;edifici, que ha estat acuradament restaurat per conservar-ne l&#8217;ess\u00e8ncia original.[\/vc_column_text][\/vc_column][vc_column column_padding=\"no-extra-padding\" column_padding_tablet=\"inherit\" column_padding_phone=\"inherit\" column_padding_position=\"all\" column_element_direction_desktop=\"default\" column_element_spacing=\"default\" desktop_text_alignment=\"default\" tablet_text_alignment=\"default\" phone_text_alignment=\"default\" background_color_opacity=\"1&#8243; background_hover_color_opacity=\"1&#8243; column_backdrop_filter=\"none\" column_shadow=\"none\" column_border_radius=\"none\" column_link_target=\"_self\" column_position=\"default\" gradient_direction=\"left_to_right\" overlay_strength=\"0.3&#8243; width=\"1\/2&#8243; tablet_width_inherit=\"default\" animation_type=\"default\" bg_image_animation=\"none\" border_type=\"simple\" column_border_width=\"none\" column_border_style=\"solid\"][image_with_animation image_url=\"933&#8243; image_size=\"full\" animation_type=\"entrance\" animation=\"None\" animation_movement_type=\"transform_y\" hover_animation=\"none\" alignment=\"right\" border_radius=\"none\" box_shadow=\"none\" image_loading=\"default\" max_width=\"100%\" max_width_mobile=\"default\"][\/vc_column][\/vc_row][vc_row type=\"full_width_background\" full_screen_row_position=\"middle\" column_margin=\"default\" column_direction=\"default\" column_direction_tablet=\"default\" column_direction_phone=\"default\" scene_position=\"center\" text_color=\"dark\" text_align=\"left\" row_border_radius=\"none\" row_border_radius_applies=\"bg\" overflow=\"visible\" overlay_strength=\"0.3&#8243; gradient_direction=\"left_to_right\" shape_divider_position=\"bottom\" bg_image_animation=\"none\" gradient_type=\"default\" shape_type=\"\"][vc_column column_padding=\"no-extra-padding\" column_padding_tablet=\"inherit\" column_padding_phone=\"inherit\" column_padding_position=\"all\" column_element_direction_desktop=\"default\" column_element_spacing=\"default\" desktop_text_alignment=\"default\" tablet_text_alignment=\"default\" phone_text_alignment=\"default\" background_color_opacity=\"1&#8243; background_hover_color_opacity=\"1&#8243; column_backdrop_filter=\"none\" column_shadow=\"none\" column_border_radius=\"none\" column_link_target=\"_self\" column_position=\"default\" gradient_direction=\"left_to_right\" overlay_strength=\"0.3&#8243; width=\"1\/3&#8243; tablet_width_inherit=\"default\" animation_type=\"default\" bg_image_animation=\"none\" border_type=\"simple\" column_border_width=\"none\" column_border_style=\"solid\"][image_with_animation image_url=\"809&#8243; image_size=\"full\" animation_type=\"entrance\" animation=\"None\" animation_movement_type=\"transform_y\" hover_animation=\"none\" alignment=\"\" img_link_large=\"yes\" img_link_caption=\"yes\" border_radius=\"none\" box_shadow=\"none\" image_loading=\"default\" max_width=\"100%\" max_width_mobile=\"default\"][\/vc_column][vc_column column_padding=\"no-extra-padding\" column_padding_tablet=\"inherit\" column_padding_phone=\"inherit\" column_padding_position=\"all\" column_element_direction_desktop=\"default\" column_element_spacing=\"default\" desktop_text_alignment=\"default\" tablet_text_alignment=\"default\" phone_text_alignment=\"default\" background_color_opacity=\"1&#8243; background_hover_color_opacity=\"1&#8243; column_backdrop_filter=\"none\" column_shadow=\"none\" column_border_radius=\"none\" column_link_target=\"_self\" column_position=\"default\" gradient_direction=\"left_to_right\" overlay_strength=\"0.3&#8243; width=\"1\/3&#8243; tablet_width_inherit=\"default\" animation_type=\"default\" bg_image_animation=\"none\" border_type=\"simple\" column_border_width=\"none\" column_border_style=\"solid\"][image_with_animation image_url=\"858&#8243; image_size=\"full\" animation_type=\"entrance\" animation=\"None\" animation_movement_type=\"transform_y\" hover_animation=\"none\" alignment=\"\" img_link_large=\"yes\" border_radius=\"none\" box_shadow=\"none\" image_loading=\"default\" max_width=\"100%\" max_width_mobile=\"default\"][\/vc_column][vc_column column_padding=\"no-extra-padding\" column_padding_tablet=\"inherit\" column_padding_phone=\"inherit\" column_padding_position=\"all\" column_element_direction_desktop=\"default\" column_element_spacing=\"default\" desktop_text_alignment=\"default\" tablet_text_alignment=\"default\" phone_text_alignment=\"default\" background_color_opacity=\"1&#8243; background_hover_color_opacity=\"1&#8243; column_backdrop_filter=\"none\" column_shadow=\"none\" column_border_radius=\"none\" column_link_target=\"_self\" column_position=\"default\" gradient_direction=\"left_to_right\" overlay_strength=\"0.3&#8243; width=\"1\/3&#8243; tablet_width_inherit=\"default\" animation_type=\"default\" bg_image_animation=\"none\" border_type=\"simple\" column_border_width=\"none\" column_border_style=\"solid\"][image_with_animation image_url=\"854&#8243; image_size=\"full\" animation_type=\"entrance\" animation=\"None\" animation_movement_type=\"transform_y\" hover_animation=\"none\" alignment=\"\" img_link_large=\"yes\" img_link_caption=\"yes\" border_radius=\"none\" box_shadow=\"none\" image_loading=\"default\" max_width=\"100%\" max_width_mobile=\"default\"][\/vc_column][\/vc_row][vc_row type=\"full_width_background\" full_screen_row_position=\"middle\" column_margin=\"default\" equal_height=\"yes\" content_placement=\"middle\" column_direction=\"default\" column_direction_tablet=\"default\" column_direction_phone=\"default\" scene_position=\"center\" top_padding=\"2%\" constrain_group_1=\"yes\" bottom_padding=\"2%\" text_color=\"dark\" text_align=\"left\" row_border_radius=\"none\" row_border_radius_applies=\"bg\" overflow=\"visible\" overlay_strength=\"0.3&#8243; gradient_direction=\"left_to_right\" shape_divider_position=\"bottom\" bg_image_animation=\"none\" gradient_type=\"default\" shape_type=\"\"][vc_column column_padding=\"no-extra-padding\" column_padding_tablet=\"inherit\" column_padding_phone=\"inherit\" column_padding_position=\"all\" column_element_direction_desktop=\"default\" column_element_spacing=\"default\" desktop_text_alignment=\"default\" tablet_text_alignment=\"default\" phone_text_alignment=\"default\" background_color_opacity=\"1&#8243; background_hover_color_opacity=\"1&#8243; column_backdrop_filter=\"none\" column_shadow=\"none\" column_border_radius=\"none\" column_link_target=\"_self\" column_position=\"default\" gradient_direction=\"left_to_right\" overlay_strength=\"0.3&#8243; width=\"1\/2&#8243; tablet_width_inherit=\"default\" animation_type=\"default\" bg_image_animation=\"none\" border_type=\"simple\" column_border_width=\"none\" column_border_style=\"solid\"][image_with_animation image_url=\"942&#8243; image_size=\"full\" animation_type=\"entrance\" animation=\"None\" animation_movement_type=\"transform_y\" hover_animation=\"none\" alignment=\"center\" border_radius=\"none\" box_shadow=\"none\" image_loading=\"default\" max_width=\"100%\" max_width_mobile=\"default\"][\/vc_column][vc_column column_padding=\"padding-2-percent\" column_padding_tablet=\"inherit\" column_padding_phone=\"inherit\" column_padding_position=\"left\" column_element_direction_desktop=\"default\" column_element_spacing=\"default\" desktop_text_alignment=\"default\" tablet_text_alignment=\"default\" phone_text_alignment=\"default\" background_color_opacity=\"1&#8243; background_hover_color_opacity=\"1&#8243; column_backdrop_filter=\"none\" column_shadow=\"none\" column_border_radius=\"none\" column_link_target=\"_self\" column_position=\"default\" gradient_direction=\"left_to_right\" overlay_strength=\"0.3&#8243; width=\"1\/2&#8243; tablet_width_inherit=\"default\" animation_type=\"default\" bg_image_animation=\"none\" border_type=\"simple\" column_border_width=\"none\" column_border_style=\"solid\" column_padding_type=\"default\" gradient_type=\"default\"][vc_column_text css=\"\" text_direction=\"default\"]Avui, <strong>Llar de Capitans<\/strong> ofereix als seus hostes una experi\u00e8ncia \u00fanica, que combina l \u201cencant d\u201d una casa hist\u00f2rica amb totes les comoditats del present.[\/vc_column_text][vc_column_text css=\"\" text_direction=\"default\"]El nostre restaurant, decorat amb el mateix respecte per la tradici\u00f3 que la resta de l\u00b4hotel, proposa una cuina mediterr\u00e0nia fresca, pensada tant pels nostres hostes com pels ve\u00efns del poble. Tamb\u00e9 comptem amb una terrassa sol\u00e0rium amb vistes al mar, acc\u00e9s directe a la platja i proximitat a l \u201cestaci\u00f3 de tren d\u201d Ocata, cosa que permet connectar amb Barcelona en nom\u00e9s 25 minuts.[\/vc_column_text][vc_column_text css=\"\" text_direction=\"default\"]L\u00b4entorn del Masnou, amb la seva extensa platja d\u00b4Ocata, port esportiu, ambient relaxat i rica oferta gastron\u00f2mica, completa una proposta ideal tant per escapades de sol i platja com per als que volen explorar la ciutat comtal sense renunciar a la calma i el confort d\u00b4un allotjament boutique.[\/vc_column_text][vc_column_text css=\"\" text_direction=\"default\"]<strong>Llar de Capitans<\/strong> \u00e9s, en definitiva, un homenatge viu a la hist\u00f2ria del Masnou i una invitaci\u00f3 a gaudir de la Mediterr\u00e0nia amb autenticitat, eleg\u00e0ncia i calidesa.[\/vc_column_text][\/vc_column][\/vc_row][vc_row type=\"full_width_background\" full_screen_row_position=\"middle\" column_margin=\"default\" equal_height=\"yes\" content_placement=\"middle\" column_direction=\"default\" column_direction_tablet=\"default\" column_direction_phone=\"default\" scene_position=\"center\" top_padding=\"2%\" bottom_padding=\"5%\" text_color=\"dark\" text_align=\"left\" row_border_radius=\"none\" row_border_radius_applies=\"bg\" overflow=\"visible\" overlay_strength=\"0.3&#8243; gradient_direction=\"left_to_right\" shape_divider_position=\"bottom\" bg_image_animation=\"none\" gradient_type=\"default\" shape_type=\"\"][vc_column column_padding=\"padding-2-percent\" column_padding_tablet=\"inherit\" column_padding_phone=\"inherit\" column_padding_position=\"right\" column_element_direction_desktop=\"default\" column_element_spacing=\"default\" desktop_text_alignment=\"default\" tablet_text_alignment=\"default\" phone_text_alignment=\"default\" background_color_opacity=\"1&#8243; background_hover_color_opacity=\"1&#8243; column_backdrop_filter=\"none\" column_shadow=\"none\" column_border_radius=\"none\" column_link_target=\"_self\" column_position=\"default\" gradient_direction=\"left_to_right\" overlay_strength=\"0.3&#8243; width=\"1\/2&#8243; tablet_width_inherit=\"default\" animation_type=\"default\" bg_image_animation=\"none\" border_type=\"simple\" column_border_width=\"none\" column_border_style=\"solid\" column_padding_type=\"default\" gradient_type=\"default\"][vc_column_text css=\"\" text_direction=\"default\"]<strong>Sobre NOMA Suites<\/strong><\/p>\n<p><strong>Llar de Capitans<\/strong> \u00e9s gestionat per <strong>NOMA SUITES<\/strong> , una empresa jove especialitzada en projectes hotelers amb un enfocament centrat en la qualitat, la sostenibilitat i l&#8217;atenci\u00f3 al detall. <strong>NOMA SUITES<\/strong> aposta per un model d&#8217;hospitalitat proper i personalitzat, combinant disseny, funcionalitat i calidesa humana. La gesti\u00f3 integral d&#8217;aquest hotel i l&#8217;obertura del restaurant marquen l&#8217;inici d&#8217;una proposta tur\u00edstica diferenciada, amb vocaci\u00f3 de creixement i d&#8217;excel\u00b7l\u00e8ncia.[\/vc_column_text][\/vc_column][vc_column column_padding=\"no-extra-padding\" column_padding_tablet=\"inherit\" column_padding_phone=\"inherit\" column_padding_position=\"all\" column_element_direction_desktop=\"default\" column_element_spacing=\"default\" desktop_text_alignment=\"default\" tablet_text_alignment=\"default\" phone_text_alignment=\"default\" background_color_opacity=\"1&#8243; background_hover_color_opacity=\"1&#8243; column_backdrop_filter=\"none\" column_shadow=\"none\" column_border_radius=\"none\" column_link_target=\"_self\" column_position=\"default\" gradient_direction=\"left_to_right\" overlay_strength=\"0.3&#8243; width=\"1\/2&#8243; tablet_width_inherit=\"default\" animation_type=\"default\" bg_image_animation=\"none\" border_type=\"simple\" column_border_width=\"none\" column_border_style=\"solid\"][image_with_animation image_url=\"936&#8243; image_size=\"full\" animation_type=\"entrance\" animation=\"None\" animation_movement_type=\"transform_y\" hover_animation=\"none\" alignment=\"right\" border_radius=\"none\" box_shadow=\"none\" image_loading=\"default\" max_width=\"100%\" max_width_mobile=\"default\"][\/vc_column][\/vc_row][vc_row type=\"full_width_background\" full_screen_row_position=\"middle\" column_margin=\"default\" column_direction=\"default\" column_direction_tablet=\"default\" column_direction_phone=\"default\" scene_position=\"center\" bottom_padding=\"100px\" bottom_padding_phone=\"50px\" text_color=\"dark\" text_align=\"left\" row_border_radius=\"none\" row_border_radius_applies=\"bg\" overflow=\"visible\" class=\"columna-testimonials\" overlay_strength=\"0.3&#8243; gradient_direction=\"left_to_right\" shape_divider_position=\"bottom\" bg_image_animation=\"none\" gradient_type=\"default\" shape_type=\"\"][vc_column column_padding=\"no-extra-padding\" column_padding_tablet=\"inherit\" column_padding_phone=\"inherit\" column_padding_position=\"all\" column_element_direction_desktop=\"default\" column_element_spacing=\"default\" desktop_text_alignment=\"default\" tablet_text_alignment=\"default\" phone_text_alignment=\"default\" background_color_opacity=\"1&#8243; background_hover_color_opacity=\"1&#8243; column_backdrop_filter=\"none\" column_shadow=\"none\" column_border_radius=\"none\" column_link_target=\"_self\" column_position=\"default\" gradient_direction=\"left_to_right\" overlay_strength=\"0.3&#8243; width=\"1\/1&#8243; tablet_width_inherit=\"default\" animation_type=\"default\" bg_image_animation=\"none\" border_type=\"simple\" column_border_width=\"none\" column_border_style=\"solid\"][vc_raw_html css=\"\"]PGgyIGlkPSJ0aXR1bG8tb3BpbmlvbiI+CiAgPHNwYW4+UXXDqCBvcGluZW4gZWxzIG5vc3RyZXMgY2xpZW50cz88L3NwYW4+CjwvaDI+[\/vc_raw_html][testimonial_slider style=\"multiple_visible_minimal\" star_rating_color=\"accent-color\" slider_controls=\"default\" flickity_border_radius=\"0px\" shadow=\"horizontal:22,vertical:20,blur:60,spread:0,opacity:0.575&#8243; font_size_desktop=\"17px\" font_line_height=\"1.7&#8243; font_size_phone=\"13px\"][testimonial star_rating=\"none\" title=\"Testimonial\" id=\"1749711186937-7&#8243; name=\"Fatima Mesvah\" quote=\"Vaig passar nom\u00e9s una nit en aquest hotel i, sincerament, va ser excel\u00b7lent. Des de la benvinguda fins a l \u201chabitaci\u00f3 on ens vam allotjar, tot va estar impecable. L\u201d habitaci\u00f3 era \u00e0mplia i c\u00f2moda per a quatre persones. La senyora de la recepci\u00f3 va ser incre\u00efblement amable amb nosaltres.   \" tab_id=\"1749711186937-9&#8243;][testimonial star_rating=\"none\" title=\"Testimonial\" id=\"1749711186962-5&#8243; name=\"Rinus Heemskerk\" quote=\"El personal molt amable i disposats a ajudar i escoltar. L\u00b4habitaci\u00f3 molt gran, el llit molt c\u00f2mode, t\u00e9 una mini nevera, vistes al mar, s\u00b4escolta el tren passar i el tr\u00e0nsit, per\u00f2 no \u00e9s una cosa que ens hagi molestat, hi ha diversos establiments a prop i podria seguir dient m\u00e9s coses&#8230; \" tab_id=\"1749711186963-7&#8243;][testimonial star_rating=\"none\" title=\"Testimonial\" id=\"1749711186971-5&#8243; name=\"Yolanda Gomez\" quote=\"Un hotel molt bonic modernista amb vista sobre el mar. Els amos molt amables i atents que faciliten l\u00b4estada per a nosaltres un lloc de refer\u00e8ncia cada vegada que tornem a Masnou. Estem molt satisfets ho recomanem.  \" tab_id=\"1749711186972-9&#8243;][testimonial star_rating=\"none\" title=\"Testimonial\" id=\"1749711186981-4&#8243; name=\"Colaianni\" quote=\"Estada curta d\u00b4una nit de cam\u00ed cap a Madrid. \u00c9s una pena que nom\u00e9s haguem passat una nit, ja que ens hagu\u00e9s encantat quedar-nos m\u00e9s temps. Ubicaci\u00f3 perfecta als afores de Barcelona ciutat. La platja \u00e9s molt a prop. No vam tenir temps de tastar el seu nou restaurant, per\u00f2 quan tornem, sens dubte ho intentarem, semblava un gran men\u00fa i un entorn rom\u00e0ntic! En general, ho recomanaria encaridament al punt de preu molt assequible.     \" tab_id=\"1749711186982-9&#8243;][testimonial star_rating=\"none\" title=\"Testimonial\" id=\"1749711186998-7&#8243; name=\"Jahdai\" quote=\"Habitaci\u00f3 super gran, matal\u00e0s i coixins molt c\u00f2modes, la terrassa \u00e9s incre\u00efble amb vistes al mar, el jacuzzi&#8230;..l\u00b4atenci\u00f3 \u00e9s de 10, tot ens ha encantat. Tornarem.\" tab_id=\"1749711186998-3&#8243;][testimonial star_rating=\"none\" title=\"Testimonial\" id=\"1749711187017-1&#8243; name=\"B\u00e0rbara\" quote=\"Super ben situat. Davant del mar i una platja molt gran. Hi ha de tot al costat, bars, restaurants, botigues de tota mena. Acollida molt bona per uns nois molt amables i somrients. Disponibles per a qualsevol cosa. P\u00e0rquing cobert privat just al costat molt pr\u00e0ctic. Habitaci\u00f3 i bany molt espai\u00f3s. Tot super net i molt c\u00f2mode. El llit comod\u00edssim.        \" tab_id=\"1749711187018-6&#8243;][testimonial star_rating=\"none\" title=\"Testimonial\" id=\"1749711187033-0&#8243; name=\"Estrella\" quote=\"Amfitri\u00f3 molt acollidor. Bell hotel. Un paisatge meravell\u00f3s quan surts al mat\u00ed a contemplar l&#039;alba. Bona ubicaci\u00f3 va patir. C\u00f2modes apartaments per a fam\u00edlies amb nens.    \" tab_id=\"1749711187033-2&#8243;][\/testimonial_slider][\/vc_column][\/vc_row][vc_row type=\"in_container\" full_screen_row_position=\"middle\" column_margin=\"default\" column_direction=\"default\" column_direction_tablet=\"default\" column_direction_phone=\"default\" scene_position=\"center\" text_color=\"dark\" text_align=\"left\" row_border_radius=\"none\" row_border_radius_applies=\"bg\" overflow=\"visible\" id=\"contacta-nosotros\" overlay_strength=\"0.3&#8243; gradient_direction=\"left_to_right\" shape_divider_position=\"bottom\" bg_image_animation=\"none\" gradient_type=\"default\" shape_type=\"\"][vc_column column_padding=\"no-extra-padding\" column_padding_tablet=\"inherit\" column_padding_phone=\"inherit\" column_padding_position=\"all\" column_element_direction_desktop=\"default\" column_element_spacing=\"default\" desktop_text_alignment=\"default\" tablet_text_alignment=\"default\" phone_text_alignment=\"default\" background_color_opacity=\"1&#8243; background_hover_color_opacity=\"1&#8243; column_backdrop_filter=\"none\" column_shadow=\"none\" column_border_radius=\"none\" column_link_target=\"_self\" column_position=\"default\" gradient_direction=\"left_to_right\" overlay_strength=\"0.3&#8243; width=\"1\/1&#8243; tablet_width_inherit=\"default\" animation_type=\"default\" bg_image_animation=\"none\" border_type=\"simple\" column_border_width=\"none\" column_border_style=\"solid\"][nectar_global_section id=\"198&#8243;][\/vc_column][\/vc_row]\n","protected":false},"excerpt":{"rendered":"<p>[vc_row type=\"full_width_background\" full_screen_row_position=\"middle\" column_margin=\"default\" column_direction=\"default\" column_direction_tablet=\"default\" column_direction_phone=\"default\" scene_position=\"center\" text_color=\"dark\" text_align=\"left\" row_border_radius=\"none\" row_border_radius_applies=\"bg\" overflow=\"visible\" overlay_strength=\"0.3&#8243; gradient_direction=\"left_to_right\" shape_divider_position=\"bottom\" bg_image_animation=\"none\" gradient_type=\"default\" shape_type=\"\"][vc_column column_padding=\"no-extra-padding\" column_padding_tablet=\"inherit\" column_padding_phone=\"inherit\" column_padding_position=\"all\" column_element_direction_desktop=\"default\" column_element_spacing=\"default\" desktop_text_alignment=\"default\" tablet_text_alignment=\"default\" phone_text_alignment=\"default\" background_color_opacity=\"1&#8243; background_hover_color_opacity=\"1&#8243;&#8230;<\/p>\n","protected":false},"author":1,"featured_media":1145,"parent":0,"menu_order":0,"comment_status":"closed","ping_status":"closed","template":"","meta":{"inline_featured_image":false,"footnotes":""},"class_list":["post-1133","page","type-page","status-publish","has-post-thumbnail"],"_links":{"self":[{"href":"https:\/\/llardecapitans.com\/ca\/wp-json\/wp\/v2\/pages\/1133","targetHints":{"allow":["GET"]}}],"collection":[{"href":"https:\/\/llardecapitans.com\/ca\/wp-json\/wp\/v2\/pages"}],"about":[{"href":"https:\/\/llardecapitans.com\/ca\/wp-json\/wp\/v2\/types\/page"}],"author":[{"embeddable":true,"href":"https:\/\/llardecapitans.com\/ca\/wp-json\/wp\/v2\/users\/1"}],"replies":[{"embeddable":true,"href":"https:\/\/llardecapitans.com\/ca\/wp-json\/wp\/v2\/comments?post=1133"}],"version-history":[{"count":2,"href":"https:\/\/llardecapitans.com\/ca\/wp-json\/wp\/v2\/pages\/1133\/revisions"}],"predecessor-version":[{"id":1147,"href":"https:\/\/llardecapitans.com\/ca\/wp-json\/wp\/v2\/pages\/1133\/revisions\/1147"}],"wp:featuredmedia":[{"embeddable":true,"href":"https:\/\/llardecapitans.com\/ca\/wp-json\/wp\/v2\/media\/1145"}],"wp:attachment":[{"href":"https:\/\/llardecapitans.com\/ca\/wp-json\/wp\/v2\/media?parent=1133"}],"curies":[{"name":"wp","href":"https:\/\/api.w.org\/{rel}","templated":true}]}}